{"id":950,"date":"2021-01-18T15:11:12","date_gmt":"2021-01-18T14:11:12","guid":{"rendered":"http:\/\/www.aixacct.com\/?page_id=950"},"modified":"2021-09-21T14:19:23","modified_gmt":"2021-09-21T12:19:23","slug":"tnt","status":"publish","type":"page","link":"https:\/\/www.aixacct.com\/de\/testsysteme\/systemloesungen\/auxscan-aixspes\/tnt\/","title":{"rendered":"TNT"},"content":{"rendered":"","protected":false},"excerpt":{"rendered":"","protected":false},"author":3,"featured_media":0,"parent":901,"menu_order":1,"comment_status":"closed","ping_status":"closed","template":"","meta":{"_acf_changed":false,"footnotes":""},"class_list":["post-950","page","type-page","status-publish","hentry"],"acf":[],"yoast_head":"<!-- This site is optimized with the Yoast SEO plugin v27.2 - https:\/\/yoast.com\/product\/yoast-seo-wordpress\/ -->\n<title>TNT - aixACCT Systems<\/title>\n<meta name=\"description\" content=\"Sie stellen D\u00fcnnschicht-Druckk\u00f6pfe her? Mit unserem System TNT haben wir genau das Richtige f\u00fcr Sie: Unser System TNT haben wir speziell entwickelt f\u00fcr die elektrische und elektromechanische, temperaturabh\u00e4ngige Charakterisierung von piezoelektrischen D\u00fcnnschicht-Druckk\u00f6pfen.\" \/>\n<meta name=\"robots\" content=\"index, follow, max-snippet:-1, max-image-preview:large, max-video-preview:-1\" \/>\n<link rel=\"canonical\" href=\"https:\/\/www.aixacct.com\/de\/testsysteme\/systemloesungen\/auxscan-aixspes\/tnt\/\" \/>\n<meta property=\"og:locale\" content=\"de_DE\" \/>\n<meta property=\"og:type\" content=\"article\" \/>\n<meta property=\"og:title\" content=\"TNT - aixACCT Systems\" \/>\n<meta property=\"og:description\" content=\"Sie stellen D\u00fcnnschicht-Druckk\u00f6pfe her? Mit unserem System TNT haben wir genau das Richtige f\u00fcr Sie: Unser System TNT haben wir speziell entwickelt f\u00fcr die elektrische und elektromechanische, temperaturabh\u00e4ngige Charakterisierung von piezoelektrischen D\u00fcnnschicht-Druckk\u00f6pfen.\" \/>\n<meta property=\"og:url\" content=\"https:\/\/www.aixacct.com\/de\/testsysteme\/systemloesungen\/auxscan-aixspes\/tnt\/\" \/>\n<meta property=\"og:site_name\" content=\"Aixacct\" \/>\n<meta property=\"article:modified_time\" content=\"2021-09-21T12:19:23+00:00\" \/>\n<meta name=\"twitter:card\" content=\"summary_large_image\" \/>\n<script type=\"application\/ld+json\" class=\"yoast-schema-graph\">{\"@context\":\"https:\/\/schema.org\",\"@graph\":[{\"@type\":\"WebPage\",\"@id\":\"https:\/\/www.aixacct.com\/de\/testsysteme\/systemloesungen\/auxscan-aixspes\/tnt\/\",\"url\":\"https:\/\/www.aixacct.com\/de\/testsysteme\/systemloesungen\/auxscan-aixspes\/tnt\/\",\"name\":\"TNT - aixACCT Systems\",\"isPartOf\":{\"@id\":\"https:\/\/www.aixacct.com\/en\/#website\"},\"datePublished\":\"2021-01-18T14:11:12+00:00\",\"dateModified\":\"2021-09-21T12:19:23+00:00\",\"description\":\"Sie stellen D\u00fcnnschicht-Druckk\u00f6pfe her? Mit unserem System TNT haben wir genau das Richtige f\u00fcr Sie: Unser System TNT haben wir speziell entwickelt f\u00fcr die elektrische und elektromechanische, temperaturabh\u00e4ngige Charakterisierung von piezoelektrischen D\u00fcnnschicht-Druckk\u00f6pfen.\",\"breadcrumb\":{\"@id\":\"https:\/\/www.aixacct.com\/de\/testsysteme\/systemloesungen\/auxscan-aixspes\/tnt\/#breadcrumb\"},\"inLanguage\":\"de\",\"potentialAction\":[{\"@type\":\"ReadAction\",\"target\":[\"https:\/\/www.aixacct.com\/de\/testsysteme\/systemloesungen\/auxscan-aixspes\/tnt\/\"]}]},{\"@type\":\"BreadcrumbList\",\"@id\":\"https:\/\/www.aixacct.com\/de\/testsysteme\/systemloesungen\/auxscan-aixspes\/tnt\/#breadcrumb\",\"itemListElement\":[{\"@type\":\"ListItem\",\"position\":1,\"name\":\"Home\",\"item\":\"https:\/\/www.aixacct.com\/de\/\"},{\"@type\":\"ListItem\",\"position\":2,\"name\":\"Testsysteme\",\"item\":\"https:\/\/www.aixacct.com\/de\/testsysteme\/\"},{\"@type\":\"ListItem\",\"position\":3,\"name\":\"Systeml\u00f6sungen\",\"item\":\"https:\/\/www.aixacct.com\/de\/testsysteme\/systemloesungen\/\"},{\"@type\":\"ListItem\",\"position\":4,\"name\":\"aixSCAN\",\"item\":\"https:\/\/www.aixacct.com\/de\/testsysteme\/systemloesungen\/auxscan-aixspes\/\"},{\"@type\":\"ListItem\",\"position\":5,\"name\":\"TNT\"}]},{\"@type\":\"WebSite\",\"@id\":\"https:\/\/www.aixacct.com\/en\/#website\",\"url\":\"https:\/\/www.aixacct.com\/en\/\",\"name\":\"Aixacct\",\"description\":\"\",\"potentialAction\":[{\"@type\":\"SearchAction\",\"target\":{\"@type\":\"EntryPoint\",\"urlTemplate\":\"https:\/\/www.aixacct.com\/en\/?s={search_term_string}\"},\"query-input\":{\"@type\":\"PropertyValueSpecification\",\"valueRequired\":true,\"valueName\":\"search_term_string\"}}],\"inLanguage\":\"de\"}]}<\/script>\n<!-- \/ Yoast SEO plugin. -->","yoast_head_json":{"title":"TNT - aixACCT Systems","description":"Sie stellen D\u00fcnnschicht-Druckk\u00f6pfe her? Mit unserem System TNT haben wir genau das Richtige f\u00fcr Sie: Unser System TNT haben wir speziell entwickelt f\u00fcr die elektrische und elektromechanische, temperaturabh\u00e4ngige Charakterisierung von piezoelektrischen D\u00fcnnschicht-Druckk\u00f6pfen.","robots":{"index":"index","follow":"follow","max-snippet":"max-snippet:-1","max-image-preview":"max-image-preview:large","max-video-preview":"max-video-preview:-1"},"canonical":"https:\/\/www.aixacct.com\/de\/testsysteme\/systemloesungen\/auxscan-aixspes\/tnt\/","og_locale":"de_DE","og_type":"article","og_title":"TNT - aixACCT Systems","og_description":"Sie stellen D\u00fcnnschicht-Druckk\u00f6pfe her? Mit unserem System TNT haben wir genau das Richtige f\u00fcr Sie: Unser System TNT haben wir speziell entwickelt f\u00fcr die elektrische und elektromechanische, temperaturabh\u00e4ngige Charakterisierung von piezoelektrischen D\u00fcnnschicht-Druckk\u00f6pfen.","og_url":"https:\/\/www.aixacct.com\/de\/testsysteme\/systemloesungen\/auxscan-aixspes\/tnt\/","og_site_name":"Aixacct","article_modified_time":"2021-09-21T12:19:23+00:00","twitter_card":"summary_large_image","schema":{"@context":"https:\/\/schema.org","@graph":[{"@type":"WebPage","@id":"https:\/\/www.aixacct.com\/de\/testsysteme\/systemloesungen\/auxscan-aixspes\/tnt\/","url":"https:\/\/www.aixacct.com\/de\/testsysteme\/systemloesungen\/auxscan-aixspes\/tnt\/","name":"TNT - aixACCT Systems","isPartOf":{"@id":"https:\/\/www.aixacct.com\/en\/#website"},"datePublished":"2021-01-18T14:11:12+00:00","dateModified":"2021-09-21T12:19:23+00:00","description":"Sie stellen D\u00fcnnschicht-Druckk\u00f6pfe her? Mit unserem System TNT haben wir genau das Richtige f\u00fcr Sie: Unser System TNT haben wir speziell entwickelt f\u00fcr die elektrische und elektromechanische, temperaturabh\u00e4ngige Charakterisierung von piezoelektrischen D\u00fcnnschicht-Druckk\u00f6pfen.","breadcrumb":{"@id":"https:\/\/www.aixacct.com\/de\/testsysteme\/systemloesungen\/auxscan-aixspes\/tnt\/#breadcrumb"},"inLanguage":"de","potentialAction":[{"@type":"ReadAction","target":["https:\/\/www.aixacct.com\/de\/testsysteme\/systemloesungen\/auxscan-aixspes\/tnt\/"]}]},{"@type":"BreadcrumbList","@id":"https:\/\/www.aixacct.com\/de\/testsysteme\/systemloesungen\/auxscan-aixspes\/tnt\/#breadcrumb","itemListElement":[{"@type":"ListItem","position":1,"name":"Home","item":"https:\/\/www.aixacct.com\/de\/"},{"@type":"ListItem","position":2,"name":"Testsysteme","item":"https:\/\/www.aixacct.com\/de\/testsysteme\/"},{"@type":"ListItem","position":3,"name":"Systeml\u00f6sungen","item":"https:\/\/www.aixacct.com\/de\/testsysteme\/systemloesungen\/"},{"@type":"ListItem","position":4,"name":"aixSCAN","item":"https:\/\/www.aixacct.com\/de\/testsysteme\/systemloesungen\/auxscan-aixspes\/"},{"@type":"ListItem","position":5,"name":"TNT"}]},{"@type":"WebSite","@id":"https:\/\/www.aixacct.com\/en\/#website","url":"https:\/\/www.aixacct.com\/en\/","name":"Aixacct","description":"","potentialAction":[{"@type":"SearchAction","target":{"@type":"EntryPoint","urlTemplate":"https:\/\/www.aixacct.com\/en\/?s={search_term_string}"},"query-input":{"@type":"PropertyValueSpecification","valueRequired":true,"valueName":"search_term_string"}}],"inLanguage":"de"}]}},"_links":{"self":[{"href":"https:\/\/www.aixacct.com\/de\/wp-json\/wp\/v2\/pages\/950","targetHints":{"allow":["GET"]}}],"collection":[{"href":"https:\/\/www.aixacct.com\/de\/wp-json\/wp\/v2\/pages"}],"about":[{"href":"https:\/\/www.aixacct.com\/de\/wp-json\/wp\/v2\/types\/page"}],"author":[{"embeddable":true,"href":"https:\/\/www.aixacct.com\/de\/wp-json\/wp\/v2\/users\/3"}],"replies":[{"embeddable":true,"href":"https:\/\/www.aixacct.com\/de\/wp-json\/wp\/v2\/comments?post=950"}],"version-history":[{"count":5,"href":"https:\/\/www.aixacct.com\/de\/wp-json\/wp\/v2\/pages\/950\/revisions"}],"predecessor-version":[{"id":1179,"href":"https:\/\/www.aixacct.com\/de\/wp-json\/wp\/v2\/pages\/950\/revisions\/1179"}],"up":[{"embeddable":true,"href":"https:\/\/www.aixacct.com\/de\/wp-json\/wp\/v2\/pages\/901"}],"wp:attachment":[{"href":"https:\/\/www.aixacct.com\/de\/wp-json\/wp\/v2\/media?parent=950"}],"curies":[{"name":"wp","href":"https:\/\/api.w.org\/{rel}","templated":true}]}}