{"id":78,"date":"2020-07-27T10:32:12","date_gmt":"2020-07-27T08:32:12","guid":{"rendered":"http:\/\/www.aixacct.com\/aixacct-systems\/team\/"},"modified":"2025-11-06T10:43:22","modified_gmt":"2025-11-06T09:43:22","slug":"interdisziplinaeres-team","status":"publish","type":"page","link":"https:\/\/www.aixacct.com\/de\/aixacct-systems\/interdisziplinaeres-team\/","title":{"rendered":"Team"},"content":{"rendered":"","protected":false},"excerpt":{"rendered":"","protected":false},"author":1,"featured_media":0,"parent":76,"menu_order":0,"comment_status":"closed","ping_status":"closed","template":"","meta":{"_acf_changed":false,"footnotes":""},"class_list":["post-78","page","type-page","status-publish","hentry"],"acf":[],"yoast_head":"<!-- This site is optimized with the Yoast SEO plugin v27.2 - https:\/\/yoast.com\/product\/yoast-seo-wordpress\/ -->\n<title>Interdisziplin\u00e4res Team | aixACCT System<\/title>\n<meta name=\"description\" content=\"Unser engagiertes interdisziplin\u00e4res Team und die Zusammenarbeit mit dem Netzwerk in Forschung und Industrie begr\u00fcndet den Technologievorsprung bei der Charakterisierung von Piezomaterialien.\" \/>\n<meta name=\"robots\" content=\"index, follow, max-snippet:-1, max-image-preview:large, max-video-preview:-1\" \/>\n<link rel=\"canonical\" href=\"https:\/\/www.aixacct.com\/de\/aixacct-systems\/interdisziplinaeres-team\/\" \/>\n<meta property=\"og:locale\" content=\"de_DE\" \/>\n<meta property=\"og:type\" content=\"article\" \/>\n<meta property=\"og:title\" content=\"Interdisziplin\u00e4res Team | aixACCT System\" \/>\n<meta property=\"og:description\" content=\"Unser engagiertes interdisziplin\u00e4res Team und die Zusammenarbeit mit dem Netzwerk in Forschung und Industrie begr\u00fcndet den Technologievorsprung bei der Charakterisierung von Piezomaterialien.\" \/>\n<meta property=\"og:url\" content=\"https:\/\/www.aixacct.com\/de\/aixacct-systems\/interdisziplinaeres-team\/\" \/>\n<meta property=\"og:site_name\" content=\"Aixacct\" \/>\n<meta property=\"article:modified_time\" content=\"2025-11-06T09:43:22+00:00\" \/>\n<meta name=\"twitter:card\" content=\"summary_large_image\" \/>\n<script type=\"application\/ld+json\" class=\"yoast-schema-graph\">{\"@context\":\"https:\/\/schema.org\",\"@graph\":[{\"@type\":\"WebPage\",\"@id\":\"https:\/\/www.aixacct.com\/de\/aixacct-systems\/interdisziplinaeres-team\/\",\"url\":\"https:\/\/www.aixacct.com\/de\/aixacct-systems\/interdisziplinaeres-team\/\",\"name\":\"Interdisziplin\u00e4res Team | aixACCT System\",\"isPartOf\":{\"@id\":\"https:\/\/www.aixacct.com\/en\/#website\"},\"datePublished\":\"2020-07-27T08:32:12+00:00\",\"dateModified\":\"2025-11-06T09:43:22+00:00\",\"description\":\"Unser engagiertes interdisziplin\u00e4res Team und die Zusammenarbeit mit dem Netzwerk in Forschung und Industrie begr\u00fcndet den Technologievorsprung bei der Charakterisierung von Piezomaterialien.\",\"breadcrumb\":{\"@id\":\"https:\/\/www.aixacct.com\/de\/aixacct-systems\/interdisziplinaeres-team\/#breadcrumb\"},\"inLanguage\":\"de\",\"potentialAction\":[{\"@type\":\"ReadAction\",\"target\":[\"https:\/\/www.aixacct.com\/de\/aixacct-systems\/interdisziplinaeres-team\/\"]}]},{\"@type\":\"BreadcrumbList\",\"@id\":\"https:\/\/www.aixacct.com\/de\/aixacct-systems\/interdisziplinaeres-team\/#breadcrumb\",\"itemListElement\":[{\"@type\":\"ListItem\",\"position\":1,\"name\":\"Home\",\"item\":\"https:\/\/www.aixacct.com\/de\/\"},{\"@type\":\"ListItem\",\"position\":2,\"name\":\"Aixacct Systems\",\"item\":\"https:\/\/www.aixacct.com\/de\/aixacct-systems\/\"},{\"@type\":\"ListItem\",\"position\":3,\"name\":\"Team\"}]},{\"@type\":\"WebSite\",\"@id\":\"https:\/\/www.aixacct.com\/en\/#website\",\"url\":\"https:\/\/www.aixacct.com\/en\/\",\"name\":\"Aixacct\",\"description\":\"\",\"potentialAction\":[{\"@type\":\"SearchAction\",\"target\":{\"@type\":\"EntryPoint\",\"urlTemplate\":\"https:\/\/www.aixacct.com\/en\/?s={search_term_string}\"},\"query-input\":{\"@type\":\"PropertyValueSpecification\",\"valueRequired\":true,\"valueName\":\"search_term_string\"}}],\"inLanguage\":\"de\"}]}<\/script>\n<!-- \/ Yoast SEO plugin. -->","yoast_head_json":{"title":"Interdisziplin\u00e4res Team | aixACCT System","description":"Unser engagiertes interdisziplin\u00e4res Team und die Zusammenarbeit mit dem Netzwerk in Forschung und Industrie begr\u00fcndet den Technologievorsprung bei der Charakterisierung von Piezomaterialien.","robots":{"index":"index","follow":"follow","max-snippet":"max-snippet:-1","max-image-preview":"max-image-preview:large","max-video-preview":"max-video-preview:-1"},"canonical":"https:\/\/www.aixacct.com\/de\/aixacct-systems\/interdisziplinaeres-team\/","og_locale":"de_DE","og_type":"article","og_title":"Interdisziplin\u00e4res Team | aixACCT System","og_description":"Unser engagiertes interdisziplin\u00e4res Team und die Zusammenarbeit mit dem Netzwerk in Forschung und Industrie begr\u00fcndet den Technologievorsprung bei der Charakterisierung von Piezomaterialien.","og_url":"https:\/\/www.aixacct.com\/de\/aixacct-systems\/interdisziplinaeres-team\/","og_site_name":"Aixacct","article_modified_time":"2025-11-06T09:43:22+00:00","twitter_card":"summary_large_image","schema":{"@context":"https:\/\/schema.org","@graph":[{"@type":"WebPage","@id":"https:\/\/www.aixacct.com\/de\/aixacct-systems\/interdisziplinaeres-team\/","url":"https:\/\/www.aixacct.com\/de\/aixacct-systems\/interdisziplinaeres-team\/","name":"Interdisziplin\u00e4res Team | aixACCT System","isPartOf":{"@id":"https:\/\/www.aixacct.com\/en\/#website"},"datePublished":"2020-07-27T08:32:12+00:00","dateModified":"2025-11-06T09:43:22+00:00","description":"Unser engagiertes interdisziplin\u00e4res Team und die Zusammenarbeit mit dem Netzwerk in Forschung und Industrie begr\u00fcndet den Technologievorsprung bei der Charakterisierung von Piezomaterialien.","breadcrumb":{"@id":"https:\/\/www.aixacct.com\/de\/aixacct-systems\/interdisziplinaeres-team\/#breadcrumb"},"inLanguage":"de","potentialAction":[{"@type":"ReadAction","target":["https:\/\/www.aixacct.com\/de\/aixacct-systems\/interdisziplinaeres-team\/"]}]},{"@type":"BreadcrumbList","@id":"https:\/\/www.aixacct.com\/de\/aixacct-systems\/interdisziplinaeres-team\/#breadcrumb","itemListElement":[{"@type":"ListItem","position":1,"name":"Home","item":"https:\/\/www.aixacct.com\/de\/"},{"@type":"ListItem","position":2,"name":"Aixacct Systems","item":"https:\/\/www.aixacct.com\/de\/aixacct-systems\/"},{"@type":"ListItem","position":3,"name":"Team"}]},{"@type":"WebSite","@id":"https:\/\/www.aixacct.com\/en\/#website","url":"https:\/\/www.aixacct.com\/en\/","name":"Aixacct","description":"","potentialAction":[{"@type":"SearchAction","target":{"@type":"EntryPoint","urlTemplate":"https:\/\/www.aixacct.com\/en\/?s={search_term_string}"},"query-input":{"@type":"PropertyValueSpecification","valueRequired":true,"valueName":"search_term_string"}}],"inLanguage":"de"}]}},"_links":{"self":[{"href":"https:\/\/www.aixacct.com\/de\/wp-json\/wp\/v2\/pages\/78","targetHints":{"allow":["GET"]}}],"collection":[{"href":"https:\/\/www.aixacct.com\/de\/wp-json\/wp\/v2\/pages"}],"about":[{"href":"https:\/\/www.aixacct.com\/de\/wp-json\/wp\/v2\/types\/page"}],"author":[{"embeddable":true,"href":"https:\/\/www.aixacct.com\/de\/wp-json\/wp\/v2\/users\/1"}],"replies":[{"embeddable":true,"href":"https:\/\/www.aixacct.com\/de\/wp-json\/wp\/v2\/comments?post=78"}],"version-history":[{"count":16,"href":"https:\/\/www.aixacct.com\/de\/wp-json\/wp\/v2\/pages\/78\/revisions"}],"predecessor-version":[{"id":3170,"href":"https:\/\/www.aixacct.com\/de\/wp-json\/wp\/v2\/pages\/78\/revisions\/3170"}],"up":[{"embeddable":true,"href":"https:\/\/www.aixacct.com\/de\/wp-json\/wp\/v2\/pages\/76"}],"wp:attachment":[{"href":"https:\/\/www.aixacct.com\/de\/wp-json\/wp\/v2\/media?parent=78"}],"curies":[{"name":"wp","href":"https:\/\/api.w.org\/{rel}","templated":true}]}}