{"id":761,"date":"2020-11-16T14:19:48","date_gmt":"2020-11-16T13:19:48","guid":{"rendered":"http:\/\/www.aixacct.com\/?page_id=761"},"modified":"2024-11-04T08:42:12","modified_gmt":"2024-11-04T07:42:12","slug":"fuer-bulkmaterialien","status":"publish","type":"page","link":"https:\/\/www.aixacct.com\/de\/testsysteme\/probenhalter\/fuer-bulkmaterialien\/","title":{"rendered":"Probenhalter f\u00fcr Bulkmaterialien"},"content":{"rendered":"","protected":false},"excerpt":{"rendered":"","protected":false},"author":3,"featured_media":0,"parent":755,"menu_order":1,"comment_status":"closed","ping_status":"closed","template":"","meta":{"_acf_changed":false,"footnotes":""},"class_list":["post-761","page","type-page","status-publish","hentry"],"acf":[],"yoast_head":"<!-- This site is optimized with the Yoast SEO plugin v27.2 - https:\/\/yoast.com\/product\/yoast-seo-wordpress\/ -->\n<title>Probenhalter f\u00fcr Bulkmaterialien - aixACCT Systems<\/title>\n<meta name=\"description\" content=\"Probenhalter f\u00fcr Bulkmaterialien stehen f\u00fcr unterschiedlichste Messanforderungen zur Verf\u00fcgung. Alle k\u00f6nnen mit PES-Systemen von aixACC Systems eingesetzt werden.\" \/>\n<meta name=\"robots\" content=\"index, follow, max-snippet:-1, max-image-preview:large, max-video-preview:-1\" \/>\n<link rel=\"canonical\" href=\"https:\/\/www.aixacct.com\/de\/testsysteme\/probenhalter\/fuer-bulkmaterialien\/\" \/>\n<meta property=\"og:locale\" content=\"de_DE\" \/>\n<meta property=\"og:type\" content=\"article\" \/>\n<meta property=\"og:title\" content=\"Probenhalter f\u00fcr Bulkmaterialien - aixACCT Systems\" \/>\n<meta property=\"og:description\" content=\"Probenhalter f\u00fcr Bulkmaterialien stehen f\u00fcr unterschiedlichste Messanforderungen zur Verf\u00fcgung. Alle k\u00f6nnen mit PES-Systemen von aixACC Systems eingesetzt werden.\" \/>\n<meta property=\"og:url\" content=\"https:\/\/www.aixacct.com\/de\/testsysteme\/probenhalter\/fuer-bulkmaterialien\/\" \/>\n<meta property=\"og:site_name\" content=\"Aixacct\" \/>\n<meta property=\"article:modified_time\" content=\"2024-11-04T07:42:12+00:00\" \/>\n<meta name=\"twitter:card\" content=\"summary_large_image\" \/>\n<script type=\"application\/ld+json\" class=\"yoast-schema-graph\">{\"@context\":\"https:\/\/schema.org\",\"@graph\":[{\"@type\":\"WebPage\",\"@id\":\"https:\/\/www.aixacct.com\/de\/testsysteme\/probenhalter\/fuer-bulkmaterialien\/\",\"url\":\"https:\/\/www.aixacct.com\/de\/testsysteme\/probenhalter\/fuer-bulkmaterialien\/\",\"name\":\"Probenhalter f\u00fcr Bulkmaterialien - aixACCT Systems\",\"isPartOf\":{\"@id\":\"https:\/\/www.aixacct.com\/en\/#website\"},\"datePublished\":\"2020-11-16T13:19:48+00:00\",\"dateModified\":\"2024-11-04T07:42:12+00:00\",\"description\":\"Probenhalter f\u00fcr Bulkmaterialien stehen f\u00fcr unterschiedlichste Messanforderungen zur Verf\u00fcgung. Alle k\u00f6nnen mit PES-Systemen von aixACC Systems eingesetzt werden.\",\"breadcrumb\":{\"@id\":\"https:\/\/www.aixacct.com\/de\/testsysteme\/probenhalter\/fuer-bulkmaterialien\/#breadcrumb\"},\"inLanguage\":\"de\",\"potentialAction\":[{\"@type\":\"ReadAction\",\"target\":[\"https:\/\/www.aixacct.com\/de\/testsysteme\/probenhalter\/fuer-bulkmaterialien\/\"]}]},{\"@type\":\"BreadcrumbList\",\"@id\":\"https:\/\/www.aixacct.com\/de\/testsysteme\/probenhalter\/fuer-bulkmaterialien\/#breadcrumb\",\"itemListElement\":[{\"@type\":\"ListItem\",\"position\":1,\"name\":\"Home\",\"item\":\"https:\/\/www.aixacct.com\/de\/\"},{\"@type\":\"ListItem\",\"position\":2,\"name\":\"Testsysteme\",\"item\":\"https:\/\/www.aixacct.com\/de\/testsysteme\/\"},{\"@type\":\"ListItem\",\"position\":3,\"name\":\"Probenhalter\",\"item\":\"https:\/\/www.aixacct.com\/de\/testsysteme\/probenhalter\/\"},{\"@type\":\"ListItem\",\"position\":4,\"name\":\"Probenhalter f\u00fcr Bulkmaterialien\"}]},{\"@type\":\"WebSite\",\"@id\":\"https:\/\/www.aixacct.com\/en\/#website\",\"url\":\"https:\/\/www.aixacct.com\/en\/\",\"name\":\"Aixacct\",\"description\":\"\",\"potentialAction\":[{\"@type\":\"SearchAction\",\"target\":{\"@type\":\"EntryPoint\",\"urlTemplate\":\"https:\/\/www.aixacct.com\/en\/?s={search_term_string}\"},\"query-input\":{\"@type\":\"PropertyValueSpecification\",\"valueRequired\":true,\"valueName\":\"search_term_string\"}}],\"inLanguage\":\"de\"}]}<\/script>\n<!-- \/ Yoast SEO plugin. -->","yoast_head_json":{"title":"Probenhalter f\u00fcr Bulkmaterialien - aixACCT Systems","description":"Probenhalter f\u00fcr Bulkmaterialien stehen f\u00fcr unterschiedlichste Messanforderungen zur Verf\u00fcgung. Alle k\u00f6nnen mit PES-Systemen von aixACC Systems eingesetzt werden.","robots":{"index":"index","follow":"follow","max-snippet":"max-snippet:-1","max-image-preview":"max-image-preview:large","max-video-preview":"max-video-preview:-1"},"canonical":"https:\/\/www.aixacct.com\/de\/testsysteme\/probenhalter\/fuer-bulkmaterialien\/","og_locale":"de_DE","og_type":"article","og_title":"Probenhalter f\u00fcr Bulkmaterialien - aixACCT Systems","og_description":"Probenhalter f\u00fcr Bulkmaterialien stehen f\u00fcr unterschiedlichste Messanforderungen zur Verf\u00fcgung. Alle k\u00f6nnen mit PES-Systemen von aixACC Systems eingesetzt werden.","og_url":"https:\/\/www.aixacct.com\/de\/testsysteme\/probenhalter\/fuer-bulkmaterialien\/","og_site_name":"Aixacct","article_modified_time":"2024-11-04T07:42:12+00:00","twitter_card":"summary_large_image","schema":{"@context":"https:\/\/schema.org","@graph":[{"@type":"WebPage","@id":"https:\/\/www.aixacct.com\/de\/testsysteme\/probenhalter\/fuer-bulkmaterialien\/","url":"https:\/\/www.aixacct.com\/de\/testsysteme\/probenhalter\/fuer-bulkmaterialien\/","name":"Probenhalter f\u00fcr Bulkmaterialien - aixACCT Systems","isPartOf":{"@id":"https:\/\/www.aixacct.com\/en\/#website"},"datePublished":"2020-11-16T13:19:48+00:00","dateModified":"2024-11-04T07:42:12+00:00","description":"Probenhalter f\u00fcr Bulkmaterialien stehen f\u00fcr unterschiedlichste Messanforderungen zur Verf\u00fcgung. Alle k\u00f6nnen mit PES-Systemen von aixACC Systems eingesetzt werden.","breadcrumb":{"@id":"https:\/\/www.aixacct.com\/de\/testsysteme\/probenhalter\/fuer-bulkmaterialien\/#breadcrumb"},"inLanguage":"de","potentialAction":[{"@type":"ReadAction","target":["https:\/\/www.aixacct.com\/de\/testsysteme\/probenhalter\/fuer-bulkmaterialien\/"]}]},{"@type":"BreadcrumbList","@id":"https:\/\/www.aixacct.com\/de\/testsysteme\/probenhalter\/fuer-bulkmaterialien\/#breadcrumb","itemListElement":[{"@type":"ListItem","position":1,"name":"Home","item":"https:\/\/www.aixacct.com\/de\/"},{"@type":"ListItem","position":2,"name":"Testsysteme","item":"https:\/\/www.aixacct.com\/de\/testsysteme\/"},{"@type":"ListItem","position":3,"name":"Probenhalter","item":"https:\/\/www.aixacct.com\/de\/testsysteme\/probenhalter\/"},{"@type":"ListItem","position":4,"name":"Probenhalter f\u00fcr Bulkmaterialien"}]},{"@type":"WebSite","@id":"https:\/\/www.aixacct.com\/en\/#website","url":"https:\/\/www.aixacct.com\/en\/","name":"Aixacct","description":"","potentialAction":[{"@type":"SearchAction","target":{"@type":"EntryPoint","urlTemplate":"https:\/\/www.aixacct.com\/en\/?s={search_term_string}"},"query-input":{"@type":"PropertyValueSpecification","valueRequired":true,"valueName":"search_term_string"}}],"inLanguage":"de"}]}},"_links":{"self":[{"href":"https:\/\/www.aixacct.com\/de\/wp-json\/wp\/v2\/pages\/761","targetHints":{"allow":["GET"]}}],"collection":[{"href":"https:\/\/www.aixacct.com\/de\/wp-json\/wp\/v2\/pages"}],"about":[{"href":"https:\/\/www.aixacct.com\/de\/wp-json\/wp\/v2\/types\/page"}],"author":[{"embeddable":true,"href":"https:\/\/www.aixacct.com\/de\/wp-json\/wp\/v2\/users\/3"}],"replies":[{"embeddable":true,"href":"https:\/\/www.aixacct.com\/de\/wp-json\/wp\/v2\/comments?post=761"}],"version-history":[{"count":37,"href":"https:\/\/www.aixacct.com\/de\/wp-json\/wp\/v2\/pages\/761\/revisions"}],"predecessor-version":[{"id":2898,"href":"https:\/\/www.aixacct.com\/de\/wp-json\/wp\/v2\/pages\/761\/revisions\/2898"}],"up":[{"embeddable":true,"href":"https:\/\/www.aixacct.com\/de\/wp-json\/wp\/v2\/pages\/755"}],"wp:attachment":[{"href":"https:\/\/www.aixacct.com\/de\/wp-json\/wp\/v2\/media?parent=761"}],"curies":[{"name":"wp","href":"https:\/\/api.w.org\/{rel}","templated":true}]}}