{"id":702,"date":"2020-11-02T14:35:26","date_gmt":"2020-11-02T13:35:26","guid":{"rendered":"http:\/\/www.aixacct.com\/?page_id=702"},"modified":"2025-03-27T14:32:28","modified_gmt":"2025-03-27T13:32:28","slug":"probenhalter-fuer-pes-systeme","status":"publish","type":"page","link":"https:\/\/www.aixacct.com\/de\/testsysteme\/systemloesungen\/aixpes\/probenhalter-fuer-pes-systeme\/","title":{"rendered":"Probenhalter f\u00fcr PES-Systeme"},"content":{"rendered":"","protected":false},"excerpt":{"rendered":"","protected":false},"author":3,"featured_media":0,"parent":530,"menu_order":0,"comment_status":"closed","ping_status":"closed","template":"","meta":{"_acf_changed":false,"footnotes":""},"class_list":["post-702","page","type-page","status-publish","hentry"],"acf":[],"yoast_head":"<!-- This site is optimized with the Yoast SEO plugin v27.2 - https:\/\/yoast.com\/product\/yoast-seo-wordpress\/ -->\n<title>Probenhalter f\u00fcr PES-Systeme - aixACCT Systems<\/title>\n<meta name=\"description\" content=\"Ausgekl\u00fcgelte Probenhalter machen PES-Systeme zur exakt zugeschnittenen Messl\u00f6sung f\u00fcr die verl\u00e4ssliche Charakterisierung von piezoelektrischen Materialien.\" \/>\n<meta name=\"robots\" content=\"index, follow, max-snippet:-1, max-image-preview:large, max-video-preview:-1\" \/>\n<link rel=\"canonical\" href=\"https:\/\/www.aixacct.com\/de\/testsysteme\/systemloesungen\/aixpes\/probenhalter-fuer-pes-systeme\/\" \/>\n<meta property=\"og:locale\" content=\"de_DE\" \/>\n<meta property=\"og:type\" content=\"article\" \/>\n<meta property=\"og:title\" content=\"Probenhalter f\u00fcr PES-Systeme - aixACCT Systems\" \/>\n<meta property=\"og:description\" content=\"Ausgekl\u00fcgelte Probenhalter machen PES-Systeme zur exakt zugeschnittenen Messl\u00f6sung f\u00fcr die verl\u00e4ssliche Charakterisierung von piezoelektrischen Materialien.\" \/>\n<meta property=\"og:url\" content=\"https:\/\/www.aixacct.com\/de\/testsysteme\/systemloesungen\/aixpes\/probenhalter-fuer-pes-systeme\/\" \/>\n<meta property=\"og:site_name\" content=\"Aixacct\" \/>\n<meta property=\"article:modified_time\" content=\"2025-03-27T13:32:28+00:00\" \/>\n<meta name=\"twitter:card\" content=\"summary_large_image\" \/>\n<script type=\"application\/ld+json\" class=\"yoast-schema-graph\">{\"@context\":\"https:\/\/schema.org\",\"@graph\":[{\"@type\":\"WebPage\",\"@id\":\"https:\/\/www.aixacct.com\/de\/testsysteme\/systemloesungen\/aixpes\/probenhalter-fuer-pes-systeme\/\",\"url\":\"https:\/\/www.aixacct.com\/de\/testsysteme\/systemloesungen\/aixpes\/probenhalter-fuer-pes-systeme\/\",\"name\":\"Probenhalter f\u00fcr PES-Systeme - aixACCT Systems\",\"isPartOf\":{\"@id\":\"https:\/\/www.aixacct.com\/en\/#website\"},\"datePublished\":\"2020-11-02T13:35:26+00:00\",\"dateModified\":\"2025-03-27T13:32:28+00:00\",\"description\":\"Ausgekl\u00fcgelte Probenhalter machen PES-Systeme zur exakt zugeschnittenen Messl\u00f6sung f\u00fcr die verl\u00e4ssliche Charakterisierung von piezoelektrischen Materialien.\",\"breadcrumb\":{\"@id\":\"https:\/\/www.aixacct.com\/de\/testsysteme\/systemloesungen\/aixpes\/probenhalter-fuer-pes-systeme\/#breadcrumb\"},\"inLanguage\":\"de\",\"potentialAction\":[{\"@type\":\"ReadAction\",\"target\":[\"https:\/\/www.aixacct.com\/de\/testsysteme\/systemloesungen\/aixpes\/probenhalter-fuer-pes-systeme\/\"]}]},{\"@type\":\"BreadcrumbList\",\"@id\":\"https:\/\/www.aixacct.com\/de\/testsysteme\/systemloesungen\/aixpes\/probenhalter-fuer-pes-systeme\/#breadcrumb\",\"itemListElement\":[{\"@type\":\"ListItem\",\"position\":1,\"name\":\"Home\",\"item\":\"https:\/\/www.aixacct.com\/de\/\"},{\"@type\":\"ListItem\",\"position\":2,\"name\":\"Testsysteme\",\"item\":\"https:\/\/www.aixacct.com\/de\/testsysteme\/\"},{\"@type\":\"ListItem\",\"position\":3,\"name\":\"Systeml\u00f6sungen\",\"item\":\"https:\/\/www.aixacct.com\/de\/testsysteme\/systemloesungen\/\"},{\"@type\":\"ListItem\",\"position\":4,\"name\":\"aixPES\",\"item\":\"https:\/\/www.aixacct.com\/de\/testsysteme\/systemloesungen\/aixpes\/\"},{\"@type\":\"ListItem\",\"position\":5,\"name\":\"Probenhalter f\u00fcr PES-Systeme\"}]},{\"@type\":\"WebSite\",\"@id\":\"https:\/\/www.aixacct.com\/en\/#website\",\"url\":\"https:\/\/www.aixacct.com\/en\/\",\"name\":\"Aixacct\",\"description\":\"\",\"potentialAction\":[{\"@type\":\"SearchAction\",\"target\":{\"@type\":\"EntryPoint\",\"urlTemplate\":\"https:\/\/www.aixacct.com\/en\/?s={search_term_string}\"},\"query-input\":{\"@type\":\"PropertyValueSpecification\",\"valueRequired\":true,\"valueName\":\"search_term_string\"}}],\"inLanguage\":\"de\"}]}<\/script>\n<!-- \/ Yoast SEO plugin. -->","yoast_head_json":{"title":"Probenhalter f\u00fcr PES-Systeme - aixACCT Systems","description":"Ausgekl\u00fcgelte Probenhalter machen PES-Systeme zur exakt zugeschnittenen Messl\u00f6sung f\u00fcr die verl\u00e4ssliche Charakterisierung von piezoelektrischen Materialien.","robots":{"index":"index","follow":"follow","max-snippet":"max-snippet:-1","max-image-preview":"max-image-preview:large","max-video-preview":"max-video-preview:-1"},"canonical":"https:\/\/www.aixacct.com\/de\/testsysteme\/systemloesungen\/aixpes\/probenhalter-fuer-pes-systeme\/","og_locale":"de_DE","og_type":"article","og_title":"Probenhalter f\u00fcr PES-Systeme - aixACCT Systems","og_description":"Ausgekl\u00fcgelte Probenhalter machen PES-Systeme zur exakt zugeschnittenen Messl\u00f6sung f\u00fcr die verl\u00e4ssliche Charakterisierung von piezoelektrischen Materialien.","og_url":"https:\/\/www.aixacct.com\/de\/testsysteme\/systemloesungen\/aixpes\/probenhalter-fuer-pes-systeme\/","og_site_name":"Aixacct","article_modified_time":"2025-03-27T13:32:28+00:00","twitter_card":"summary_large_image","schema":{"@context":"https:\/\/schema.org","@graph":[{"@type":"WebPage","@id":"https:\/\/www.aixacct.com\/de\/testsysteme\/systemloesungen\/aixpes\/probenhalter-fuer-pes-systeme\/","url":"https:\/\/www.aixacct.com\/de\/testsysteme\/systemloesungen\/aixpes\/probenhalter-fuer-pes-systeme\/","name":"Probenhalter f\u00fcr PES-Systeme - aixACCT Systems","isPartOf":{"@id":"https:\/\/www.aixacct.com\/en\/#website"},"datePublished":"2020-11-02T13:35:26+00:00","dateModified":"2025-03-27T13:32:28+00:00","description":"Ausgekl\u00fcgelte Probenhalter machen PES-Systeme zur exakt zugeschnittenen Messl\u00f6sung f\u00fcr die verl\u00e4ssliche Charakterisierung von piezoelektrischen Materialien.","breadcrumb":{"@id":"https:\/\/www.aixacct.com\/de\/testsysteme\/systemloesungen\/aixpes\/probenhalter-fuer-pes-systeme\/#breadcrumb"},"inLanguage":"de","potentialAction":[{"@type":"ReadAction","target":["https:\/\/www.aixacct.com\/de\/testsysteme\/systemloesungen\/aixpes\/probenhalter-fuer-pes-systeme\/"]}]},{"@type":"BreadcrumbList","@id":"https:\/\/www.aixacct.com\/de\/testsysteme\/systemloesungen\/aixpes\/probenhalter-fuer-pes-systeme\/#breadcrumb","itemListElement":[{"@type":"ListItem","position":1,"name":"Home","item":"https:\/\/www.aixacct.com\/de\/"},{"@type":"ListItem","position":2,"name":"Testsysteme","item":"https:\/\/www.aixacct.com\/de\/testsysteme\/"},{"@type":"ListItem","position":3,"name":"Systeml\u00f6sungen","item":"https:\/\/www.aixacct.com\/de\/testsysteme\/systemloesungen\/"},{"@type":"ListItem","position":4,"name":"aixPES","item":"https:\/\/www.aixacct.com\/de\/testsysteme\/systemloesungen\/aixpes\/"},{"@type":"ListItem","position":5,"name":"Probenhalter f\u00fcr PES-Systeme"}]},{"@type":"WebSite","@id":"https:\/\/www.aixacct.com\/en\/#website","url":"https:\/\/www.aixacct.com\/en\/","name":"Aixacct","description":"","potentialAction":[{"@type":"SearchAction","target":{"@type":"EntryPoint","urlTemplate":"https:\/\/www.aixacct.com\/en\/?s={search_term_string}"},"query-input":{"@type":"PropertyValueSpecification","valueRequired":true,"valueName":"search_term_string"}}],"inLanguage":"de"}]}},"_links":{"self":[{"href":"https:\/\/www.aixacct.com\/de\/wp-json\/wp\/v2\/pages\/702","targetHints":{"allow":["GET"]}}],"collection":[{"href":"https:\/\/www.aixacct.com\/de\/wp-json\/wp\/v2\/pages"}],"about":[{"href":"https:\/\/www.aixacct.com\/de\/wp-json\/wp\/v2\/types\/page"}],"author":[{"embeddable":true,"href":"https:\/\/www.aixacct.com\/de\/wp-json\/wp\/v2\/users\/3"}],"replies":[{"embeddable":true,"href":"https:\/\/www.aixacct.com\/de\/wp-json\/wp\/v2\/comments?post=702"}],"version-history":[{"count":10,"href":"https:\/\/www.aixacct.com\/de\/wp-json\/wp\/v2\/pages\/702\/revisions"}],"predecessor-version":[{"id":3007,"href":"https:\/\/www.aixacct.com\/de\/wp-json\/wp\/v2\/pages\/702\/revisions\/3007"}],"up":[{"embeddable":true,"href":"https:\/\/www.aixacct.com\/de\/wp-json\/wp\/v2\/pages\/530"}],"wp:attachment":[{"href":"https:\/\/www.aixacct.com\/de\/wp-json\/wp\/v2\/media?parent=702"}],"curies":[{"name":"wp","href":"https:\/\/api.w.org\/{rel}","templated":true}]}}